{"id":78,"date":"2007-06-22T07:37:53","date_gmt":"2007-06-22T07:37:53","guid":{"rendered":"https:\/\/sufoi.dk\/butik\/?post_type=product&#038;p=78"},"modified":"2024-07-07T07:55:59","modified_gmt":"2024-07-07T07:55:59","slug":"50-aar-med-ufoer","status":"publish","type":"product","link":"https:\/\/sufoi.dk\/butik\/vare\/50-aar-med-ufoer\/","title":{"rendered":"50 \u00e5r med ufoer &#8211; E-BOG"},"content":{"rendered":"<p>I 1957 p\u00e5begyndte foreningen Skandinavisk UFO Information (SUFOI) arbejdet med at registrere og unders\u00f8ge beretninger om observationer af us\u00e6dvanlige himmelf\u00e6nomener. P\u00e5 udgivelsestidspunktet for bogen er der g\u00e5et et halvt \u00e5rhundrede, siden Skandinavisk UFO Information blev dannet, og arbejdet med at indsamle beretninger om observationer af ufoer begyndte.<\/p>\n<p>Siden da er 15.000 observationer blevet indsamlet gennem et omfattende rapportarbejde, som har givet SUFOI en unik viden om ufo- f\u00e6nomenet og de forhold, der kan for\u00e5rsage besynderlige oplevelser. Et arbejde, der i \u00f8vrigt \u2013 i lighed med de \u00f8vrige aktiviteter i SUFOI \u2013 har v\u00e6ret b\u00e5ret af en frivillig og ul\u00f8nnet indsats fra en bred kreds af foreningens medlemmer.<\/p>\n<p>I denne bog g\u00f8r Toke Haunstrup, mange\u00e5rigt medlem af SUFOI\u2019s repr\u00e6sentantskab, status over halvtreds \u00e5rs rapportarbejde. De vigtigste erfaringer og konklusioner fra rapportarbejdet dokumenteres gennem en lang r\u00e6kke eksempler p\u00e5 observationer unders\u00f8gt af SUFOI<\/p>\n<p>E-bogen <em>50 \u00e5r med ufoer<\/em> opsummerer rapportarbejdet og de konklusioner, foreningen har kunnet drage p\u00e5 baggrund af dette. Samtidig er er det h\u00e5bet, at bogen vil bidrage til en \u00f8get forst\u00e5else af det forunderlige f\u00e6nomen, som igennem mere end snart 80 \u00e5r har pirret nysgerrigheden hos utallige mennesker verden over.<\/p>\n<p>K\u00f8b e-bogen, download den, og g\u00e5 i gang med at l\u00e6se den med det samme.<\/p>\n","protected":false},"excerpt":{"rendered":"<p>E-bogen 50 \u00e5r med ufoer opsummerer rapportarbejdet og de konklusioner, foreningen har kunnet drage p\u00e5 baggrund af dette. Samtidig er er det h\u00e5bet, at bogen vil bidrage til en \u00f8get forst\u00e5else af ufomyten og de observationer, som skabte den.<\/p>\n<p>K\u00f8b e-bogen, download den, og g\u00e5 i gang med at l\u00e6se den med det samme.<\/p>\n","protected":false},"featured_media":80,"comment_status":"open","ping_status":"closed","template":"","meta":[],"product_brand":[],"product_cat":[21],"product_tag":[],"class_list":{"0":"post-78","1":"product","2":"type-product","3":"status-publish","4":"has-post-thumbnail","6":"product_cat-gl-e-boeger","8":"first","9":"instock","10":"downloadable","11":"virtual","12":"purchasable","13":"product-type-simple"},"_links":{"self":[{"href":"https:\/\/sufoi.dk\/butik\/wp-json\/wp\/v2\/product\/78","targetHints":{"allow":["GET"]}}],"collection":[{"href":"https:\/\/sufoi.dk\/butik\/wp-json\/wp\/v2\/product"}],"about":[{"href":"https:\/\/sufoi.dk\/butik\/wp-json\/wp\/v2\/types\/product"}],"replies":[{"embeddable":true,"href":"https:\/\/sufoi.dk\/butik\/wp-json\/wp\/v2\/comments?post=78"}],"wp:featuredmedia":[{"embeddable":true,"href":"https:\/\/sufoi.dk\/butik\/wp-json\/wp\/v2\/media\/80"}],"wp:attachment":[{"href":"https:\/\/sufoi.dk\/butik\/wp-json\/wp\/v2\/media?parent=78"}],"wp:term":[{"taxonomy":"product_brand","embeddable":true,"href":"https:\/\/sufoi.dk\/butik\/wp-json\/wp\/v2\/product_brand?post=78"},{"taxonomy":"product_cat","embeddable":true,"href":"https:\/\/sufoi.dk\/butik\/wp-json\/wp\/v2\/product_cat?post=78"},{"taxonomy":"product_tag","embeddable":true,"href":"https:\/\/sufoi.dk\/butik\/wp-json\/wp\/v2\/product_tag?post=78"}],"curies":[{"name":"wp","href":"https:\/\/api.w.org\/{rel}","templated":true}]}}