{"id":69,"date":"2024-06-20T12:06:27","date_gmt":"2024-06-20T12:06:27","guid":{"rendered":"https:\/\/sufoi.dk\/butik\/?post_type=product&#038;p=69"},"modified":"2025-07-28T07:53:44","modified_gmt":"2025-07-28T07:53:44","slug":"projekt_ufo","status":"publish","type":"product","link":"https:\/\/sufoi.dk\/butik\/vare\/projekt_ufo\/","title":{"rendered":"Projekt UFO &#8211; tro, l\u00f8gne og kold krig &#8211; E-BOG"},"content":{"rendered":"<p>E-bogen &#8220;<strong>Projekt UFO &#8211; tro, l\u00f8gne og kold krig<\/strong>&#8221; er p\u00e5 500 sider og gennemillustreret.<\/p>\n<p>Bogen handler om ufomytens udvikling frem til 2021.<\/p>\n<p>Mennesket har til alle tider oplevet mystiske f\u00e6nomener p\u00e5 himlen og fors\u00f8gt at fortolke m\u00f8det med det ukendte p\u00e5 kulturelt acceptable m\u00e5der.<\/p>\n<p>Fra slutningen af 1940\u2019erne blev de oplevede himmelf\u00e6nomener kaldt flyvende tallerkener eller ufoer og fortolket som bes\u00f8gende fra det ydre rum.<\/p>\n<p>Hvorfor egentlig?<\/p>\n<p>Og hvorfor tog det amerikanske flyvev\u00e5ben oplevelserne s\u00e5 alvorligt, at det nedsatte en gruppe til at unders\u00f8ge dem?<\/p>\n<p>Hvordan lyder de bedste historier, og hvad ved vi i dag om det, som er blevet kaldt vor tids st\u00f8rste g\u00e5de?<\/p>\n<p>Denne 2. udgave fra 2021 er opdateret og udvidet v\u00e6sentligt i forhold til f\u00f8rsteudgaven fra 2011, s\u00e5 fakta, argumenter og konklusioner st\u00e5r m\u00e5l med, hvad man kan forvente af en udgivelse i dag, ligesom der er tilf\u00f8jet en hel del nyskrevet indhold.<\/p>\n<p>Denne 2. udgave udkommer alene som e-bog.<\/p>\n<p>K\u00f8b e-bogen, download den, og g\u00e5 i gang med at l\u00e6se den med det samme.<\/p>\n","protected":false},"excerpt":{"rendered":"<p>E-bogen &#8220;Projekt UFO &#8211; tro, l\u00f8gne og kold krig&#8221; er p\u00e5 500 sider og gennemillustreret.<\/p>\n<p>Bogen handler om ufomytens udvikling frem til 2021, og giver svar p\u00e5, hvad ved vi i dag om det, som er blevet kaldt vor tids st\u00f8rste g\u00e5de.<\/p>\n<p>K\u00f8b e-bogen, download den, og g\u00e5 i gang med at l\u00e6se den med det samme.<\/p>\n","protected":false},"featured_media":75,"comment_status":"open","ping_status":"closed","template":"","meta":[],"product_brand":[],"product_cat":[19],"product_tag":[],"class_list":{"0":"post-69","1":"product","2":"type-product","3":"status-publish","4":"has-post-thumbnail","6":"product_cat-e-boeger","8":"first","9":"instock","10":"downloadable","11":"virtual","12":"purchasable","13":"product-type-simple"},"_links":{"self":[{"href":"https:\/\/sufoi.dk\/butik\/wp-json\/wp\/v2\/product\/69","targetHints":{"allow":["GET"]}}],"collection":[{"href":"https:\/\/sufoi.dk\/butik\/wp-json\/wp\/v2\/product"}],"about":[{"href":"https:\/\/sufoi.dk\/butik\/wp-json\/wp\/v2\/types\/product"}],"replies":[{"embeddable":true,"href":"https:\/\/sufoi.dk\/butik\/wp-json\/wp\/v2\/comments?post=69"}],"wp:featuredmedia":[{"embeddable":true,"href":"https:\/\/sufoi.dk\/butik\/wp-json\/wp\/v2\/media\/75"}],"wp:attachment":[{"href":"https:\/\/sufoi.dk\/butik\/wp-json\/wp\/v2\/media?parent=69"}],"wp:term":[{"taxonomy":"product_brand","embeddable":true,"href":"https:\/\/sufoi.dk\/butik\/wp-json\/wp\/v2\/product_brand?post=69"},{"taxonomy":"product_cat","embeddable":true,"href":"https:\/\/sufoi.dk\/butik\/wp-json\/wp\/v2\/product_cat?post=69"},{"taxonomy":"product_tag","embeddable":true,"href":"https:\/\/sufoi.dk\/butik\/wp-json\/wp\/v2\/product_tag?post=69"}],"curies":[{"name":"wp","href":"https:\/\/api.w.org\/{rel}","templated":true}]}}