{"id":188,"date":"2024-11-17T16:48:02","date_gmt":"2024-11-17T16:48:02","guid":{"rendered":"https:\/\/sufoi.dk\/butik\/?post_type=product&#038;p=188"},"modified":"2024-11-17T16:48:02","modified_gmt":"2024-11-17T16:48:02","slug":"ufo-vision-nr-7","status":"publish","type":"product","link":"https:\/\/sufoi.dk\/butik\/vare\/ufo-vision-nr-7\/","title":{"rendered":"UFO vision nr. 7"},"content":{"rendered":"<p>UFO vision orientere om ufo-litteraturens mangfoldighed, omtale film og tv-udsendelser, videoer og tidsskrifter samt bringe l\u00e6ngere artikler om ufoer og besl\u00e6gtede emner. UFO vision er planlagt til at udkomme 1 gang \u00e5rligt, s\u00e5fremt der er stof nok til bladet.<\/p>\n","protected":false},"excerpt":{"rendered":"<p>UFO vision orientere om ufo-litteraturens mangfoldighed, omtale film og tv-udsendelser, videoer og tidsskrifter samt bringe l\u00e6ngere artikler om ufoer og besl\u00e6gtede emner. UFO vision er planlagt til at udkomme 1 gang \u00e5rligt, s\u00e5fremt der er stof nok til bladet.<\/p>\n","protected":false},"featured_media":189,"comment_status":"open","ping_status":"closed","template":"","meta":[],"product_brand":[],"product_cat":[15],"product_tag":[],"class_list":{"0":"post-188","1":"product","2":"type-product","3":"status-publish","4":"has-post-thumbnail","6":"product_cat-ukategoriseret","8":"first","9":"instock","10":"shipping-taxable","11":"purchasable","12":"product-type-simple"},"_links":{"self":[{"href":"https:\/\/sufoi.dk\/butik\/wp-json\/wp\/v2\/product\/188","targetHints":{"allow":["GET"]}}],"collection":[{"href":"https:\/\/sufoi.dk\/butik\/wp-json\/wp\/v2\/product"}],"about":[{"href":"https:\/\/sufoi.dk\/butik\/wp-json\/wp\/v2\/types\/product"}],"replies":[{"embeddable":true,"href":"https:\/\/sufoi.dk\/butik\/wp-json\/wp\/v2\/comments?post=188"}],"wp:featuredmedia":[{"embeddable":true,"href":"https:\/\/sufoi.dk\/butik\/wp-json\/wp\/v2\/media\/189"}],"wp:attachment":[{"href":"https:\/\/sufoi.dk\/butik\/wp-json\/wp\/v2\/media?parent=188"}],"wp:term":[{"taxonomy":"product_brand","embeddable":true,"href":"https:\/\/sufoi.dk\/butik\/wp-json\/wp\/v2\/product_brand?post=188"},{"taxonomy":"product_cat","embeddable":true,"href":"https:\/\/sufoi.dk\/butik\/wp-json\/wp\/v2\/product_cat?post=188"},{"taxonomy":"product_tag","embeddable":true,"href":"https:\/\/sufoi.dk\/butik\/wp-json\/wp\/v2\/product_tag?post=188"}],"curies":[{"name":"wp","href":"https:\/\/api.w.org\/{rel}","templated":true}]}}