{"id":185,"date":"2024-11-17T16:46:45","date_gmt":"2024-11-17T16:46:45","guid":{"rendered":"https:\/\/sufoi.dk\/butik\/?post_type=product&#038;p=185"},"modified":"2024-11-17T16:46:45","modified_gmt":"2024-11-17T16:46:45","slug":"ufo-vision-nr-6","status":"publish","type":"product","link":"https:\/\/sufoi.dk\/butik\/vare\/ufo-vision-nr-6\/","title":{"rendered":"UFO vision nr. 6"},"content":{"rendered":"<p>UFO vision orientere om ufo-litteraturens mangfoldighed, omtale film og tv-udsendelser, videoer og tidsskrifter samt bringe l\u00e6ngere artikler om ufoer og besl\u00e6gtede emner. UFO vision er planlagt til at udkomme 1 gang \u00e5rligt, s\u00e5fremt der er stof nok til bladet.<\/p>\n","protected":false},"excerpt":{"rendered":"<p>UFO vision orientere om ufo-litteraturens mangfoldighed, omtale film og tv-udsendelser, videoer og tidsskrifter samt bringe l\u00e6ngere artikler om ufoer og besl\u00e6gtede emner. UFO vision er planlagt til at udkomme 1 gang \u00e5rligt, s\u00e5fremt der er stof nok til bladet.<\/p>\n","protected":false},"featured_media":187,"comment_status":"open","ping_status":"closed","template":"","meta":[],"product_brand":[],"product_cat":[15],"product_tag":[],"class_list":{"0":"post-185","1":"product","2":"type-product","3":"status-publish","4":"has-post-thumbnail","6":"product_cat-ukategoriseret","8":"first","9":"instock","10":"shipping-taxable","11":"purchasable","12":"product-type-simple"},"_links":{"self":[{"href":"https:\/\/sufoi.dk\/butik\/wp-json\/wp\/v2\/product\/185","targetHints":{"allow":["GET"]}}],"collection":[{"href":"https:\/\/sufoi.dk\/butik\/wp-json\/wp\/v2\/product"}],"about":[{"href":"https:\/\/sufoi.dk\/butik\/wp-json\/wp\/v2\/types\/product"}],"replies":[{"embeddable":true,"href":"https:\/\/sufoi.dk\/butik\/wp-json\/wp\/v2\/comments?post=185"}],"wp:featuredmedia":[{"embeddable":true,"href":"https:\/\/sufoi.dk\/butik\/wp-json\/wp\/v2\/media\/187"}],"wp:attachment":[{"href":"https:\/\/sufoi.dk\/butik\/wp-json\/wp\/v2\/media?parent=185"}],"wp:term":[{"taxonomy":"product_brand","embeddable":true,"href":"https:\/\/sufoi.dk\/butik\/wp-json\/wp\/v2\/product_brand?post=185"},{"taxonomy":"product_cat","embeddable":true,"href":"https:\/\/sufoi.dk\/butik\/wp-json\/wp\/v2\/product_cat?post=185"},{"taxonomy":"product_tag","embeddable":true,"href":"https:\/\/sufoi.dk\/butik\/wp-json\/wp\/v2\/product_tag?post=185"}],"curies":[{"name":"wp","href":"https:\/\/api.w.org\/{rel}","templated":true}]}}