{"id":167,"date":"2024-10-24T11:20:50","date_gmt":"2024-10-24T11:20:50","guid":{"rendered":"https:\/\/sufoi.dk\/butik\/?post_type=product&#038;p=167"},"modified":"2024-11-03T00:05:31","modified_gmt":"2024-11-03T00:05:31","slug":"roswell-fakta-og-myter","status":"publish","type":"product","link":"https:\/\/sufoi.dk\/butik\/vare\/roswell-fakta-og-myter\/","title":{"rendered":"Roswell &#8211; Fakta og myter &#8211; E-BOG"},"content":{"rendered":"<blockquote><p>\u201d<em>De mange rygter om flyvende skiver blev i g\u00e5r bekr\u00e6ftet, da efterretningstjenesten ved Ottende Luftstyrkes 509\u2019ende (atom)bombereskadrille p\u00e5 Roswell Army Air Field var heldig at komme i besiddelse af en skive i samarbejde med en af de lokale f\u00e5reavlere og sheriffen i Chaves County &#8230;\u201d<\/em><\/p><\/blockquote>\n<p>Den f\u00f8rste pressemeddelelse om Roswell-h\u00e6ndelsen blev bragt den 8. juli i <em>Roswell Daily Record<\/em>. Dagen efter kunne samme lokalavis aflive det sensationelle tallerkenfund med meddelelsen om, at der i virkeligheden havde v\u00e6ret tale om resterne fra en vejrballon.<\/p>\n<p>Roswell-historien d\u00f8de lige s\u00e5 hurtigt, som den var opst\u00e5et, og blev f\u00f8rst vakt til live igen 33 \u00e5r senere. I efter\u00e5ret 1980 udkom bogen <em>The Roswell Incident <\/em>skrevet af William L. Moore og Charles Berlitz og med research udf\u00f8rt af Stanton T. Friedman.<\/p>\n<p>Og siden har fort\u00e6llingen om ufo-styrtet ved Roswell i 1947 v\u00e6ret et af de mest omtalte beviser p\u00e5, at den amerikanske regering, dets forsvar og forsvarets samarbejdspartnere skjuler b\u00e5de vragdele, hele ufoer og d\u00f8de aliens &#8211; og sandheden om, hvorvidt vi er alene i universet &#8211; for den amerikanske befolkning.<\/p>\n<p>Men hvad var det egentlig, som styrtede ned? Og hvordan har Roswell-myten udviklet sig?<\/p>\n<p>Det fors\u00f8ger Skandinavisk UFO Informations formand Kim M\u00f8ller Hansen at belyse i denne bog. En bog, der kunne have fyldt mange hundrede sider, hvis alle aspekter, vildspor, rygter og g\u00e6tterier skulle n\u00e6vnes. Men hvor forfatteren i stedet har bestr\u00e6bt sig p\u00e5 at sk\u00e6re helt ind til benet og koncentrere sig om de v\u00e6sentligste problemstillinger ved myten, der n\u00e6gter at d\u00f8.<\/p>\n","protected":false},"excerpt":{"rendered":"<p>Hvad var det egentlig, som styrtede ned hin dag i juni 1947 i n\u00e6rheden af byen Roswell i New Mexico? Og hvordan har Roswell-myten udviklet sig?<\/p>\n<p>Det fors\u00f8ger Skandinavisk UFO Informations formand Kim M\u00f8ller Hansen at belyse i denne bog. En bog, der kunne have fyldt mange hundrede sider, hvis alle aspekter, vildspor, rygter og g\u00e6tterier skulle n\u00e6vnes. Men hvor forfatteren i stedet har bestr\u00e6bt sig p\u00e5 at sk\u00e6re helt ind til benet og koncentrere sig om de v\u00e6sentligste problemstillinger ved myten, der n\u00e6gter at d\u00f8.<\/p>\n","protected":false},"featured_media":169,"comment_status":"open","ping_status":"closed","template":"","meta":[],"product_brand":[],"product_cat":[19,23],"product_tag":[],"class_list":{"0":"post-167","1":"product","2":"type-product","3":"status-publish","4":"has-post-thumbnail","6":"product_cat-e-boeger","7":"product_cat-fakta-og-myter","9":"first","10":"instock","11":"downloadable","12":"virtual","13":"purchasable","14":"product-type-simple"},"_links":{"self":[{"href":"https:\/\/sufoi.dk\/butik\/wp-json\/wp\/v2\/product\/167","targetHints":{"allow":["GET"]}}],"collection":[{"href":"https:\/\/sufoi.dk\/butik\/wp-json\/wp\/v2\/product"}],"about":[{"href":"https:\/\/sufoi.dk\/butik\/wp-json\/wp\/v2\/types\/product"}],"replies":[{"embeddable":true,"href":"https:\/\/sufoi.dk\/butik\/wp-json\/wp\/v2\/comments?post=167"}],"wp:featuredmedia":[{"embeddable":true,"href":"https:\/\/sufoi.dk\/butik\/wp-json\/wp\/v2\/media\/169"}],"wp:attachment":[{"href":"https:\/\/sufoi.dk\/butik\/wp-json\/wp\/v2\/media?parent=167"}],"wp:term":[{"taxonomy":"product_brand","embeddable":true,"href":"https:\/\/sufoi.dk\/butik\/wp-json\/wp\/v2\/product_brand?post=167"},{"taxonomy":"product_cat","embeddable":true,"href":"https:\/\/sufoi.dk\/butik\/wp-json\/wp\/v2\/product_cat?post=167"},{"taxonomy":"product_tag","embeddable":true,"href":"https:\/\/sufoi.dk\/butik\/wp-json\/wp\/v2\/product_tag?post=167"}],"curies":[{"name":"wp","href":"https:\/\/api.w.org\/{rel}","templated":true}]}}