{"id":163,"date":"2024-10-22T11:18:20","date_gmt":"2024-10-22T11:18:20","guid":{"rendered":"https:\/\/sufoi.dk\/butik\/?post_type=product&#038;p=163"},"modified":"2024-11-03T00:05:31","modified_gmt":"2024-11-03T00:05:31","slug":"project-saucer-da-ufomyten-blev-skabt","status":"publish","type":"product","link":"https:\/\/sufoi.dk\/butik\/vare\/project-saucer-da-ufomyten-blev-skabt\/","title":{"rendered":"Project Saucer \u2013 Da ufomyten blev skabt &#8211; E-BOG"},"content":{"rendered":"<p>I juni 1947 havde den amerikanske befolkning v\u00e6ret involveret i krig eller h\u00f8rt om krige gennem otte \u00e5r, hvor millioner af civile p\u00e5 grusom vis var blevet dr\u00e6bt af den ene eller anden statsmagt.<\/p>\n<p>Kun det mest brutale v\u00e5ben \u2013 atombomben \u2013 havde tilsyneladende kunnet s\u00e6tte en stopper for krigen.<\/p>\n<p>Ved slutningen af Anden Verdenskrig var russerne i besiddelse af erobrede V-1 og V-2 raketbomber samt flere tusinde teknikere, \u201dspecialister\u201d og raketeksperter fra Nazityskland. Amerikanerne havde atomv\u00e5ben og langt f\u00e6rre tyske raketeksperter end russerne. Dette kombineret med bl.a. borgerkrig i Kina, formodede affyringer af mystiske raketter over fredelige lande i Europa, kommunistiske magtovertagelser og gentagne atompr\u00f8vespr\u00e6ngninger i Stillehavet skabte frygt i den amerikanske befolkning. Frygt for, at noget ukendt p\u00e5 himlen skulle true amerikanernes sikkerhed og sprede d\u00f8d og \u00f8del\u00e6ggelse.<\/p>\n<p>Midt i den gryende, dystre koldkrigsstemning pr\u00e6get af truslen om en alt\u00f8del\u00e6ggende atomkrig og frygt for et kommunistisk verdensherred\u00f8mme kom en tilf\u00e6ldig h\u00e6ndelse \u2013 Kenneth Arnolds observation tirsdag den 24. juni 1947 \u2013 som en slags forl\u00f8sning: Nu var der blevet set noget p\u00e5 himlen, man kunne s\u00e6tte ord p\u00e5, noget konkret at forholde sig til. Ikke bare avisberetninger om foruroligende, udenlandske begivenheder. Oplevelserne kunne s\u00e6ttes ind i en ny fortolkningsramme.<\/p>\n<p>S\u00e5dan startede myten om ufoerne. Og hvordan de gik fra at v\u00e6re skabt af russerne til at blive et tegn p\u00e5, at vi f\u00e5r bes\u00f8g fra verdensrummet, fort\u00e6ller Skandinavisk UFO Informations formand i e-bogen her.<\/p>\n<p><em>\u201d<strong>Project Saucer \u2013 Da ufomyten blev skabt<\/strong>\u201d <\/em>er en del af SUFOI\u2019s bogserie <strong>Fakta &amp; Myter<\/strong>. Bogserien best\u00e5r af 7 titler, der behandler temaer, problemstillinger og oplevelser tilknyttet ufomyten. Det er ambitionen med Fakta &amp; Myter, at hver titel bliver l\u00e6serens jordbundne guide i en fascinerende, men forvirrende verden domineret af mystiske beretninger, konspirationsteorier og halve sandheder.<\/p>\n","protected":false},"excerpt":{"rendered":"<p>Midt i en gryende, dyster koldkrigsstemning pr\u00e6get af truslen om en alt\u00f8del\u00e6ggende atomkrig og frygt for et kommunistisk verdensherred\u00f8mme kom en tilf\u00e6ldig h\u00e6ndelse \u2013 Kenneth Arnolds observation tirsdag den 24. juni 1947 \u2013 som en slags forl\u00f8sning: Nu var der blevet set noget p\u00e5 himlen, man kunne s\u00e6tte ord p\u00e5, noget konkret at forholde sig til.<\/p>\n<p>S\u00e5dan startede myten om ufoerne. Og hvordan de gik fra at v\u00e6re skabt af russerne til at blive et tegn p\u00e5, at vi f\u00e5r bes\u00f8g fra verdensrummet, fort\u00e6ller Skandinavisk UFO Informations formand i e-bogen her.<\/p>\n","protected":false},"featured_media":166,"comment_status":"open","ping_status":"closed","template":"","meta":[],"product_brand":[],"product_cat":[19,23],"product_tag":[],"class_list":{"0":"post-163","1":"product","2":"type-product","3":"status-publish","4":"has-post-thumbnail","6":"product_cat-e-boeger","7":"product_cat-fakta-og-myter","9":"first","10":"instock","11":"downloadable","12":"virtual","13":"purchasable","14":"product-type-simple"},"_links":{"self":[{"href":"https:\/\/sufoi.dk\/butik\/wp-json\/wp\/v2\/product\/163","targetHints":{"allow":["GET"]}}],"collection":[{"href":"https:\/\/sufoi.dk\/butik\/wp-json\/wp\/v2\/product"}],"about":[{"href":"https:\/\/sufoi.dk\/butik\/wp-json\/wp\/v2\/types\/product"}],"replies":[{"embeddable":true,"href":"https:\/\/sufoi.dk\/butik\/wp-json\/wp\/v2\/comments?post=163"}],"wp:featuredmedia":[{"embeddable":true,"href":"https:\/\/sufoi.dk\/butik\/wp-json\/wp\/v2\/media\/166"}],"wp:attachment":[{"href":"https:\/\/sufoi.dk\/butik\/wp-json\/wp\/v2\/media?parent=163"}],"wp:term":[{"taxonomy":"product_brand","embeddable":true,"href":"https:\/\/sufoi.dk\/butik\/wp-json\/wp\/v2\/product_brand?post=163"},{"taxonomy":"product_cat","embeddable":true,"href":"https:\/\/sufoi.dk\/butik\/wp-json\/wp\/v2\/product_cat?post=163"},{"taxonomy":"product_tag","embeddable":true,"href":"https:\/\/sufoi.dk\/butik\/wp-json\/wp\/v2\/product_tag?post=163"}],"curies":[{"name":"wp","href":"https:\/\/api.w.org\/{rel}","templated":true}]}}