{"id":159,"date":"2024-10-22T10:47:00","date_gmt":"2024-10-22T10:47:00","guid":{"rendered":"https:\/\/sufoi.dk\/butik\/?post_type=product&#038;p=159"},"modified":"2025-01-01T10:03:58","modified_gmt":"2025-01-01T10:03:58","slug":"danske-x-filer-forhistorien-e-bog","status":"publish","type":"product","link":"https:\/\/sufoi.dk\/butik\/vare\/danske-x-filer-forhistorien-e-bog\/","title":{"rendered":"Danske X-filer &#8211; Forhistorien &#8211; E-BOG"},"content":{"rendered":"<p><strong>Verden over er det en udbredt opfattelse, at myndighederne skjuler sandheden om ufoerne og tilbageholder deres viden bag sikrede d\u00f8re i utilg\u00e6ngelige arkiver. Men hvad med de danske myndigheder? Hvad gemmer der sig i de st\u00f8rste danske arkiver? Det har Ole Henningsen sat sig for at grave i. Sl\u00f8ret l\u00f8ftes i bogen <em>Danske X-filer \u2013 Forhistorien.<\/em><\/strong><\/p>\n<p>I bogen <strong>Danske X-filer &#8211; Forhistorien<\/strong> tager Ole Henningsen dig med tilbage til dengang, hvor ufoerne begyndte at fylde i det danske mediebillede &#8211; og skabte opm\u00e6rksomhed hos det danske forsvar og efterretningstjenesterne.<\/p>\n<p>Baseret p\u00e5 mere end 100 bes\u00f8g i Rigsarkivet siden 2012, har han gennemg\u00e5et v\u00e6sentlige dele af Forsvarets \u00e6ldre arkiver for ufo-relateret materiale og s\u00f8gt i hundredvis af avisartikler p\u00e5 Det Kongelige Bibliotek.<\/p>\n<p>Det er blevet til en helt s\u00e6rlig bog om ufo-sagens tidlige \u00e5r i Danmark, hvor mange tidligere hemmelige dokumenter for f\u00f8rste gang offentligg\u00f8res.<\/p>\n<p>Bogen giver et unikt indblik i centrale danske politikeres, videnskabsfolks og milit\u00e6rpersoners tanker, opdagelser og strategier. Og giver svar p\u00e5 sp\u00f8rgsm\u00e5l, som f.eks.:<\/p>\n<ul>\n<li>Hvordan var holdningen tilbage i 1950\u2019erne til ufoberetninger i den danske presse?<\/li>\n<li>Hvordan s\u00e5 videnskaben p\u00e5 tingene?<\/li>\n<li>Hvordan var is\u00e6r Forsvarets og andre myndigheders indstilling til og behandling af uforapporter i tiden efter 2. Verdenskrig?<\/li>\n<\/ul>\n<p>Bogen er den f\u00f8rste i en serie, der dykker ned i tidligere hemmeligstemplede dokumenter om ufoer i Danmark, de mest kendte danske ufo-sager og masser af andre ufo-relaterede emner, som Ole Henningsen har besk\u00e6ftiget sig med siden han blev medlem af Skandinavisk UFO Information i 1959. En forening, han i \u00f8vrigt selv har sat et stort fingeraftryk p\u00e5.<\/p>\n<p>S\u00e5 vil du vide, hvordan &#8220;ufoerne begyndte&#8221; i Danmark, er det her bogen, du skal have fat i.<\/p>\n<p><em>Danske X-filer \u2013 Forhistorien<\/em> er p\u00e5 192 gennemillustrerede farvesider i A4-format &#8211; her i e-bogsversion.<\/p>\n<h3><strong>Det skrev anmelderne om Danske X-filer &#8211; Forhistorien<\/strong><\/h3>\n<p><em>&#8220;\u2026 Dette er en rigtig interessant udgivelse, som dykker ned i arkiverne med henblik p\u00e5 at fremvise, hvad de danske myndigheder besidder af gemt ufoarkivmateriale. Bogen v\u00e6kker l\u00e6serens nysgerrighed &#8230;&#8221; (Lekt\u00f8rudtalelsen)<\/em><\/p>\n<p><em>\u00a0&#8220;&#8230; indholdet er f\u00f8rsteklasses, og giver et godt billede af, hvordan det danske forsvar og de tidlige danske ufo-grupper forholdt sig til f\u00e6nomenet&#8230;&#8221; (Clas Svahn, UFO-Aktuellt, Sverige)<\/em><\/p>\n<p><em>&#8220;&#8230; Boken anbefales til alle UFO-interesserte&#8230; Henningsen skriver bl.a. at &#8220;En detaljert offentligg\u00f8relse av det store arkivmateriale om sp\u00f8gelsesraketterne fra 1946 vil f\u00f8lge i en senere utgivelse i denne bokserien om danske X-filer&#8221;. <\/em><em>Det er noe vi virkelig gleder oss till!&#8221; (Ole Br\u00e6nne, UFO nr. 4\/2022, Norge)<\/em><\/p>\n<p>&#8220;,,Das Buch gibt einen einzigartigen Einblick in die Gedanken, Entdeckungen und Strategien d\u00e4nischer Politiker, Wissenschaftler und Milit\u00e4rangeh\u00f6riger&#8230;&#8221; (Hansj\u00fcrgen K\u00f6hler, CENAP, Tyskland,\u00a0<em><a href=\"https:\/\/www.hjkc.de\/_blog\/2023\/w02\/\">Raumfahrt+Astronomie-Blog von CENAP &#8211; Blog: Wochen\u00fcbersicht 09.01.2023 &#8211; 15.01.2023 (hjkc.de))\u00a0<\/a><\/em><\/p>\n","protected":false},"excerpt":{"rendered":"<p>I bogen <strong>Danske X-filer &#8211; Forhistorien<\/strong> tager Ole Henningsen dig med tilbage til dengang, hvor ufoerne begyndte at fylde i det danske mediebillede &#8211; og hos det danske forsvar og efterretningstjenesterne.<\/p>\n<p>Baseret p\u00e5 mere end 100 bes\u00f8g i Rigsarkivet siden 2012, har han gennemg\u00e5et v\u00e6sentlige dele af Forsvarets \u00e6ldre arkiver for ufo-relateret materiale og s\u00f8gt i hundredvis af avisartikler p\u00e5 Det Kongelige Bibliotek.<\/p>\n<p>Det er blevet til en helt s\u00e6rlig bog, hvor mange tidligere hemmelige dokumenter for f\u00f8rste gang offentligg\u00f8res. S\u00e5 vil du vide, hvordan &#8220;ufoerne begyndte&#8221; i Danmark, er det e-bogen her, du skal have fat i.<\/p>\n","protected":false},"featured_media":161,"comment_status":"open","ping_status":"closed","template":"","meta":[],"product_brand":[],"product_cat":[19],"product_tag":[],"class_list":{"0":"post-159","1":"product","2":"type-product","3":"status-publish","4":"has-post-thumbnail","6":"product_cat-e-boeger","8":"first","9":"instock","10":"downloadable","11":"virtual","12":"purchasable","13":"product-type-simple"},"_links":{"self":[{"href":"https:\/\/sufoi.dk\/butik\/wp-json\/wp\/v2\/product\/159","targetHints":{"allow":["GET"]}}],"collection":[{"href":"https:\/\/sufoi.dk\/butik\/wp-json\/wp\/v2\/product"}],"about":[{"href":"https:\/\/sufoi.dk\/butik\/wp-json\/wp\/v2\/types\/product"}],"replies":[{"embeddable":true,"href":"https:\/\/sufoi.dk\/butik\/wp-json\/wp\/v2\/comments?post=159"}],"wp:featuredmedia":[{"embeddable":true,"href":"https:\/\/sufoi.dk\/butik\/wp-json\/wp\/v2\/media\/161"}],"wp:attachment":[{"href":"https:\/\/sufoi.dk\/butik\/wp-json\/wp\/v2\/media?parent=159"}],"wp:term":[{"taxonomy":"product_brand","embeddable":true,"href":"https:\/\/sufoi.dk\/butik\/wp-json\/wp\/v2\/product_brand?post=159"},{"taxonomy":"product_cat","embeddable":true,"href":"https:\/\/sufoi.dk\/butik\/wp-json\/wp\/v2\/product_cat?post=159"},{"taxonomy":"product_tag","embeddable":true,"href":"https:\/\/sufoi.dk\/butik\/wp-json\/wp\/v2\/product_tag?post=159"}],"curies":[{"name":"wp","href":"https:\/\/api.w.org\/{rel}","templated":true}]}}