{"id":156,"date":"2024-10-15T18:14:47","date_gmt":"2024-10-15T18:14:47","guid":{"rendered":"https:\/\/sufoi.dk\/butik\/?post_type=product&#038;p=156"},"modified":"2024-10-15T18:14:47","modified_gmt":"2024-10-15T18:14:47","slug":"avisaender-og-andre-dyr","status":"publish","type":"product","link":"https:\/\/sufoi.dk\/butik\/vare\/avisaender-og-andre-dyr\/","title":{"rendered":"Avis\u00e6nder &#8211; og andre dyr"},"content":{"rendered":"<p>Yetien, der blev fanget og slap bort igen &#8230;<\/p>\n<p>Gigantslangen, der slugte fire mennesker\u00a0 &#8230;<\/p>\n<p>Pumaen, der l\u00f8ber frit omkring i Jylland &#8230;<\/p>\n<p>Du kan l\u00e6se mere om disse m\u00e6rkelige episoder i denne bog &#8211; sammen med andre sjove og h\u00e5rrejsende dyrehistorier fra pressen<\/p>\n","protected":false},"excerpt":{"rendered":"<p>Yetien, der blev fanget og slap bort igen &#8230;<\/p>\n<p>Gigantslangen, der slugte fire mennesker\u00a0 &#8230;<\/p>\n<p>Pumaen, der l\u00f8ber frit omkring i Jylland &#8230;<\/p>\n<p>Du kan l\u00e6se mere om disse m\u00e6rkelige episoder i denne bog &#8211; sammen med andre sjove og h\u00e5rrejsende dyrehistorier fra pressen<\/p>\n","protected":false},"featured_media":157,"comment_status":"open","ping_status":"closed","template":"","meta":[],"product_brand":[],"product_cat":[20],"product_tag":[],"class_list":{"0":"post-156","1":"product","2":"type-product","3":"status-publish","4":"has-post-thumbnail","6":"product_cat-boeger","8":"first","9":"instock","10":"shipping-taxable","11":"purchasable","12":"product-type-simple"},"_links":{"self":[{"href":"https:\/\/sufoi.dk\/butik\/wp-json\/wp\/v2\/product\/156","targetHints":{"allow":["GET"]}}],"collection":[{"href":"https:\/\/sufoi.dk\/butik\/wp-json\/wp\/v2\/product"}],"about":[{"href":"https:\/\/sufoi.dk\/butik\/wp-json\/wp\/v2\/types\/product"}],"replies":[{"embeddable":true,"href":"https:\/\/sufoi.dk\/butik\/wp-json\/wp\/v2\/comments?post=156"}],"wp:featuredmedia":[{"embeddable":true,"href":"https:\/\/sufoi.dk\/butik\/wp-json\/wp\/v2\/media\/157"}],"wp:attachment":[{"href":"https:\/\/sufoi.dk\/butik\/wp-json\/wp\/v2\/media?parent=156"}],"wp:term":[{"taxonomy":"product_brand","embeddable":true,"href":"https:\/\/sufoi.dk\/butik\/wp-json\/wp\/v2\/product_brand?post=156"},{"taxonomy":"product_cat","embeddable":true,"href":"https:\/\/sufoi.dk\/butik\/wp-json\/wp\/v2\/product_cat?post=156"},{"taxonomy":"product_tag","embeddable":true,"href":"https:\/\/sufoi.dk\/butik\/wp-json\/wp\/v2\/product_tag?post=156"}],"curies":[{"name":"wp","href":"https:\/\/api.w.org\/{rel}","templated":true}]}}