{"id":150,"date":"2024-09-30T18:18:47","date_gmt":"2024-09-30T18:18:47","guid":{"rendered":"https:\/\/sufoi.dk\/butik\/?post_type=product&#038;p=150"},"modified":"2024-09-30T18:28:31","modified_gmt":"2024-09-30T18:28:31","slug":"bermuda-trekanten-og-andre-myter","status":"publish","type":"product","link":"https:\/\/sufoi.dk\/butik\/vare\/bermuda-trekanten-og-andre-myter\/","title":{"rendered":"Bermuda Trekanten &#8211; og andre myter"},"content":{"rendered":"<p>Mange f\u00e6nomener og mysterier er gennem tiden blevet en del af ufomyten eller betragtes som n\u00e6rt besl\u00e6gtet med den. Det drejer sig om fx astroark\u00e6ologi, nazisternes &#8220;vidunderv\u00e5ben&#8221;, korncirkler, m\u00e6nd-i-sort (MIB), kv\u00e6gmishandlinger (cattle mutilations), Bermuda Trekanten, Philadelphia-Eksperimentet og efterretningsv\u00e6sners manipulation med ufoentusiaster. Det er temaer, som har stor tiltr\u00e6kningskraft og en voldsom udbredelse p\u00e5 nettet &#8211; og s\u00e5 rummer de faktisk en lille flig af sandheden skjult bag mystikkens og spekulationernes t\u00e5ger. Hvad er s\u00e5 fakta, og hvad er myter? Det giver denne bog en r\u00e6kke svar p\u00e5. Bogen udkommer i serien &#8220;Fakta &amp; Myter&#8221;.<\/p>\n","protected":false},"excerpt":{"rendered":"<p>Mange f\u00e6nomener og mysterier er gennem tiden blevet en del af ufomyten eller betragtes som n\u00e6rt besl\u00e6gtet med den. Det drejer sig om fx astroark\u00e6ologi, nazisternes &#8220;vidunderv\u00e5ben&#8221;, korncirkler, m\u00e6nd-i-sort (MIB), kv\u00e6gmishandlinger (cattle mutilations), Bermuda Trekanten<\/p>\n","protected":false},"featured_media":152,"comment_status":"open","ping_status":"closed","template":"","meta":[],"product_brand":[],"product_cat":[20],"product_tag":[],"class_list":{"0":"post-150","1":"product","2":"type-product","3":"status-publish","4":"has-post-thumbnail","6":"product_cat-boeger","8":"first","9":"instock","10":"shipping-taxable","11":"purchasable","12":"product-type-simple"},"_links":{"self":[{"href":"https:\/\/sufoi.dk\/butik\/wp-json\/wp\/v2\/product\/150","targetHints":{"allow":["GET"]}}],"collection":[{"href":"https:\/\/sufoi.dk\/butik\/wp-json\/wp\/v2\/product"}],"about":[{"href":"https:\/\/sufoi.dk\/butik\/wp-json\/wp\/v2\/types\/product"}],"replies":[{"embeddable":true,"href":"https:\/\/sufoi.dk\/butik\/wp-json\/wp\/v2\/comments?post=150"}],"wp:featuredmedia":[{"embeddable":true,"href":"https:\/\/sufoi.dk\/butik\/wp-json\/wp\/v2\/media\/152"}],"wp:attachment":[{"href":"https:\/\/sufoi.dk\/butik\/wp-json\/wp\/v2\/media?parent=150"}],"wp:term":[{"taxonomy":"product_brand","embeddable":true,"href":"https:\/\/sufoi.dk\/butik\/wp-json\/wp\/v2\/product_brand?post=150"},{"taxonomy":"product_cat","embeddable":true,"href":"https:\/\/sufoi.dk\/butik\/wp-json\/wp\/v2\/product_cat?post=150"},{"taxonomy":"product_tag","embeddable":true,"href":"https:\/\/sufoi.dk\/butik\/wp-json\/wp\/v2\/product_tag?post=150"}],"curies":[{"name":"wp","href":"https:\/\/api.w.org\/{rel}","templated":true}]}}