{"id":146,"date":"2024-09-30T17:30:26","date_gmt":"2024-09-30T17:30:26","guid":{"rendered":"https:\/\/sufoi.dk\/butik\/?post_type=product&#038;p=146"},"modified":"2024-09-30T17:30:26","modified_gmt":"2024-09-30T17:30:26","slug":"ufoer-myter-og-viden-2","status":"publish","type":"product","link":"https:\/\/sufoi.dk\/butik\/vare\/ufoer-myter-og-viden-2\/","title":{"rendered":"UFOer &#8211; myter og viden"},"content":{"rendered":"<p>For mere end 70 \u00e5r siden nedsatte det amerikanske flyvev\u00e5ben en hemmelig task force. Den skulle indsamle og unders\u00f8ge observationer af mystiske himmelf\u00e6nomener i USA.<\/p>\n<p>Stadig flere mennesker s\u00e5 i \u00e5rene efter Anden Verdenskrig uforklarlige ting p\u00e5 himlen og begyndte at stille sp\u00f8rgsm\u00e5l: Kunne der v\u00e6re tale om et nyt, hemmeligt v\u00e5ben fra en fremmed magt? Var det bes\u00f8g udefra? Eller var det hele blot indbildning?<\/p>\n<p>Inden l\u00e6nge begyndte civile organisationer og foreninger, heriblandt Skandinavisk UFO Information i Danmark, ogs\u00e5 at unders\u00f8ge ufooplevelser i et fors\u00f8g p\u00e5 at l\u00f8se g\u00e5den.<\/p>\n<p>&#8220;UFO\u2019er \u2013 Myter og viden&#8221; er den f\u00f8rste danske udgivelse, som samler 70 \u00e5rs unders\u00f8gelser af ufoer. Bogen giver indblik i den historiske udvikling siden 1947 og viden om, hvad vi ved om ufoer i dag.<\/p>\n","protected":false},"excerpt":{"rendered":"<p>&#8220;UFO\u2019er \u2013 Myter og viden&#8221; er den f\u00f8rste danske udgivelse, som samler 70 \u00e5rs unders\u00f8gelser af ufoer. Bogen giver indblik i den historiske udvikling siden 1947 og viden om, hvad vi ved om ufoer i dag.<\/p>\n","protected":false},"featured_media":145,"comment_status":"open","ping_status":"closed","template":"","meta":[],"product_brand":[],"product_cat":[20],"product_tag":[],"class_list":{"0":"post-146","1":"product","2":"type-product","3":"status-publish","4":"has-post-thumbnail","6":"product_cat-boeger","8":"first","9":"instock","10":"shipping-taxable","11":"purchasable","12":"product-type-simple"},"_links":{"self":[{"href":"https:\/\/sufoi.dk\/butik\/wp-json\/wp\/v2\/product\/146","targetHints":{"allow":["GET"]}}],"collection":[{"href":"https:\/\/sufoi.dk\/butik\/wp-json\/wp\/v2\/product"}],"about":[{"href":"https:\/\/sufoi.dk\/butik\/wp-json\/wp\/v2\/types\/product"}],"replies":[{"embeddable":true,"href":"https:\/\/sufoi.dk\/butik\/wp-json\/wp\/v2\/comments?post=146"}],"wp:featuredmedia":[{"embeddable":true,"href":"https:\/\/sufoi.dk\/butik\/wp-json\/wp\/v2\/media\/145"}],"wp:attachment":[{"href":"https:\/\/sufoi.dk\/butik\/wp-json\/wp\/v2\/media?parent=146"}],"wp:term":[{"taxonomy":"product_brand","embeddable":true,"href":"https:\/\/sufoi.dk\/butik\/wp-json\/wp\/v2\/product_brand?post=146"},{"taxonomy":"product_cat","embeddable":true,"href":"https:\/\/sufoi.dk\/butik\/wp-json\/wp\/v2\/product_cat?post=146"},{"taxonomy":"product_tag","embeddable":true,"href":"https:\/\/sufoi.dk\/butik\/wp-json\/wp\/v2\/product_tag?post=146"}],"curies":[{"name":"wp","href":"https:\/\/api.w.org\/{rel}","templated":true}]}}