{"id":133,"date":"2024-08-14T17:15:38","date_gmt":"2024-08-14T17:15:38","guid":{"rendered":"https:\/\/sufoi.dk\/butik\/?post_type=product&#038;p=133"},"modified":"2024-12-06T13:28:30","modified_gmt":"2024-12-06T13:28:30","slug":"ildkugler-over-danmark_ebog","status":"publish","type":"product","link":"https:\/\/sufoi.dk\/butik\/vare\/ildkugler-over-danmark_ebog\/","title":{"rendered":"Ildkugler over Danmark E-BOG"},"content":{"rendered":"<p>Ebogen &#8220;Ildkugler over Danmark \u2013 om sten der aldrig fl\u00f8j&#8221; handler om danske beretninger om us\u00e6dvanlige lysf\u00e6nomener p\u00e5 himlen og om fund af sten, slagger og andre materialer, som finderne har troet var det fysiske bevis for, at materialet er dumpet ned fra himlen.<\/p>\n<p>H\u00e6ndelserne er blevet grundigt efterforsket, og mange af de tilh\u00f8rende sten er blevet analyseret af eksperter i et fors\u00f8g p\u00e5 at afd\u00e6kke deres hemmeligheder.<\/p>\n<p>Hvad viser resultaterne, og hvad er forklaringerne p\u00e5 de tilsyneladende mystiske h\u00e6ndelser?<\/p>\n<p>Det f\u00e5r du svar p\u00e5 i bogen &#8220;Ildkugler over Danmark \u2013 om sten der aldrig fl\u00f8j&#8221;<\/p>\n<h3>L\u00e6serne skrev:<\/h3>\n<p><em>Hvis du interesserer dig for himmelf\u00e6nomener og meteoritter, s\u00e5 kan jeg p\u00e5 det varmeste anbefale bogen.<\/em><\/p>\n<p><em>Man beh\u00f8ver ikke l\u00e6se bogen fra start til slut, men kan l\u00e6se \u00e9n beretning af gangen.<\/em><\/p>\n<p><strong>Amat\u00f8rastronom skriver p\u00e5\u00a0<\/strong><a href=\"https:\/\/www.astronet.dk\/forum\/viewtopic.php?f=58&amp;t=1016&amp;p=7569#p7569\"><strong>www.astronet.dk<\/strong><\/a><\/p>\n<p>&nbsp;<\/p>\n<p class=\"xmsonormal\"><em>Bogen kan st\u00e6rkt anbefales. Den er p\u00e5 134 sider i A-4 format med illustrationer i farve og s\/h, stikordsregister og kildehenvisninger. Bogens forord er skrevet af astrofysikeren Michael Linden-V\u00f8rnle.<\/em><\/p>\n<p class=\"xmsonormal\"><strong>Munkebjergskolens Observatorium, Odense, p\u00e5 Facebook 19. september 2018<\/strong><\/p>\n","protected":false},"excerpt":{"rendered":"<p>Ebogen &#8220;Ildkugler over Danmark \u2013 om sten der aldrig fl\u00f8j&#8221; handler om danske beretninger om us\u00e6dvanlige lysf\u00e6nomener p\u00e5 himlen og om fund af sten, slagger og andre materialer, som finderne har troet var det fysiske bevis for, at materialet er dumpet ned fra himlen.<\/p>\n<p>K\u00f8b nu og download ebogen straks<\/p>\n","protected":false},"featured_media":134,"comment_status":"open","ping_status":"closed","template":"","meta":[],"product_brand":[],"product_cat":[19],"product_tag":[],"class_list":{"0":"post-133","1":"product","2":"type-product","3":"status-publish","4":"has-post-thumbnail","6":"product_cat-e-boeger","8":"first","9":"instock","10":"downloadable","11":"virtual","12":"purchasable","13":"product-type-simple"},"_links":{"self":[{"href":"https:\/\/sufoi.dk\/butik\/wp-json\/wp\/v2\/product\/133","targetHints":{"allow":["GET"]}}],"collection":[{"href":"https:\/\/sufoi.dk\/butik\/wp-json\/wp\/v2\/product"}],"about":[{"href":"https:\/\/sufoi.dk\/butik\/wp-json\/wp\/v2\/types\/product"}],"replies":[{"embeddable":true,"href":"https:\/\/sufoi.dk\/butik\/wp-json\/wp\/v2\/comments?post=133"}],"wp:featuredmedia":[{"embeddable":true,"href":"https:\/\/sufoi.dk\/butik\/wp-json\/wp\/v2\/media\/134"}],"wp:attachment":[{"href":"https:\/\/sufoi.dk\/butik\/wp-json\/wp\/v2\/media?parent=133"}],"wp:term":[{"taxonomy":"product_brand","embeddable":true,"href":"https:\/\/sufoi.dk\/butik\/wp-json\/wp\/v2\/product_brand?post=133"},{"taxonomy":"product_cat","embeddable":true,"href":"https:\/\/sufoi.dk\/butik\/wp-json\/wp\/v2\/product_cat?post=133"},{"taxonomy":"product_tag","embeddable":true,"href":"https:\/\/sufoi.dk\/butik\/wp-json\/wp\/v2\/product_tag?post=133"}],"curies":[{"name":"wp","href":"https:\/\/api.w.org\/{rel}","templated":true}]}}