{"id":97,"date":"2024-07-03T16:45:40","date_gmt":"2024-07-03T16:45:40","guid":{"rendered":"https:\/\/sufoi.dk\/butik\/?page_id=97"},"modified":"2024-07-03T16:45:40","modified_gmt":"2024-07-03T16:45:40","slug":"handelsbetingelser","status":"publish","type":"page","link":"https:\/\/sufoi.dk\/butik\/handelsbetingelser\/","title":{"rendered":"Handelsbetingelser og privatlivspolitik"},"content":{"rendered":"\n<p>I det f\u00f8lgende kan du l\u00e6se Skandinavisk UFO Informations handelsbetingelser for k\u00f8b af elektroniske og fysiske b\u00f8ger fra vores webshop p\u00e5 https:\/\/sufoi.dk\/butik.<\/p>\n\n\n\n<h2 class=\"wp-block-heading\">Hvem st\u00e5r bag?<\/h2>\n\n\n\n<p><strong>SUFOI\u2019s butik<\/strong>&nbsp;s\u00e6lger b\u00f8ger og andre materialer om ufoer for Skandinavisk UFO Information<\/p>\n\n\n\n<p><strong>Kontaktinformation<\/strong>:<br><strong>Skandinavisk UFO Information<\/strong><br>Eilekiersvej 14<br>4100 Ringsted<br>Mail:&nbsp;<a href=\"mailto:info@sufoi.dk\">info@sufoi.dk<\/a><br>CVR: 34024529<\/p>\n\n\n\n<p><strong>Mail<\/strong>:&nbsp;<a href=\"mailto:info@sufoi.dk\">info@sufoi.dk<\/a><\/p>\n\n\n\n<p><strong>Telefon<\/strong>: Det er desv\u00e6rre ikke muligt at ringe til webshoppen, da SUFOI er en forening, der er baseret p\u00e5 frivillig, privat arbejdskraft, og derfor ikke har hverken telefon- eller \u00e5bningstider.<\/p>\n\n\n\n<h2 class=\"wp-block-heading\">S\u00e5dan kan du betale<\/h2>\n\n\n\n<p>SUFOI\u2019s butik modtager betaling med VISA, Maestro, Mastercard og Diners Club. Ved f\u00e6rdigg\u00f8relsen af din bestilling, tr\u00e6kkes bel\u00f8bet p\u00e5 dit betalingskort senest p\u00e5 afsendelsestidspunktet.<\/p>\n\n\n\n<p>Alle bel\u00f8b er i danske kroner (DKK), og er incl. moms, da foreningen ikke er momsregistreret.<\/p>\n\n\n\n<p>SUFOI\u2019s butik anvender en godkendt betalingsserver, der krypterer alle dine kortoplysninger med SSL (Secure Socket Layer) protokol. Det betyder, at uvedkommende ikke kan afl\u00e6se dine informationer.<\/p>\n\n\n\n<h2 class=\"wp-block-heading\">Levering<\/h2>\n\n\n\n<p>Da SUFOI som allerede n\u00e6vnt udelukkende anvender frivillig arbejdskraft afsender vi alle bestilte varer inden for 3-5 hverdage efter modtagelse af ordren. Ordre modtaget i weekender og p\u00e5 s\u00f8ndage sendes i l\u00f8bet af den efterf\u00f8lgende uge p\u00e5 hverdage.<\/p>\n\n\n\n<p>Fragtomkostningerne i forbindelse med forsendelsen afh\u00e6nger af v\u00e6gten p\u00e5 den samlede ordre.<\/p>\n\n\n\n<p>Vi bruger udelukkende DAO til at distribuere modtagne ordrer til den DAO pakkeshop, du v\u00e6lger, n\u00e5r du afslutter din ordre.<\/p>\n\n\n\n<h2 class=\"wp-block-heading\">Forsendelser til udlandet<\/h2>\n\n\n\n<p>SUFOI\u2019s butik sender ikke varer til udlandet<\/p>\n\n\n\n<h2 class=\"wp-block-heading\">Fortrydelsesret<\/h2>\n\n\n\n<p>Som kunde hos SUFOI\u2019s burik har du 14 dages fortrydelsesret. Perioden regnes fra den dag, hvor du modtager dine varer fra os. Fortrydelse skal anmeldes til os pr. mail senest 14 efter k\u00f8bet. I mailen skal du g\u00f8re os tydeligt opm\u00e6rksom p\u00e5, at du \u00f8nsker at udnytte din fortrydelsesret. Fra fortrydelsen skal du senest 14 dage efter returnere det fysiske produkt.<\/p>\n\n\n\n<p>Skulle du v\u00e6lge at g\u00f8re brug af din fortrydelsesret, refunderer vi det fulde bel\u00f8b, som du har betalt, inklusiv forsendelsesomkostninger m.m. Det eneste vi kr\u00e6ver, er, at du selv betaler dine egne forsendelsesomkostninger i forbindelse med returnering af varen. Der modtages ikke pakker sendt p\u00e5 efterkrav.<\/p>\n\n\n\n<h3 class=\"wp-block-heading\">Varens stand, n\u00e5r du sender den retur<\/h3>\n\n\n\n<p>Du h\u00e6fter kun for eventuel forringelse af varens v\u00e6rdi, som skyldes anden h\u00e5ndtering, end hvad der er n\u00f8dvendigt for at fastsl\u00e5 varens art, egenskaber og den m\u00e5de, den fungerer p\u00e5. Med andre ord \u2013 du kan pr\u00f8ve eller bladre i varen p\u00e5 samme m\u00e5de, som hvis du pr\u00f8vede den i en fysisk butik.<\/p>\n\n\n\n<p>Hvis varen er pr\u00f8vet udover, hvad der er beskrevet ovenfor, betragter vi den som brugt. Det betyder, at du ved fortrydelse af k\u00f8bet kun f\u00e5r en del eller intet af k\u00f8bsbel\u00f8bet retur, afh\u00e6ngig af varens handelsm\u00e6ssige v\u00e6rdi.<\/p>\n\n\n\n<p>For at modtage hele k\u00f8bsbel\u00f8bet retur m\u00e5 du alts\u00e5 g\u00f8re det samme, som du kan i en fysisk butik. Du m\u00e5 afpr\u00f8ve varen, men ikke tage den i egentlig brug.<\/p>\n\n\n\n<h2 class=\"wp-block-heading\">Reklamationsret<\/h2>\n\n\n\n<p>Der gives 24 m\u00e5neders reklamationsret i henhold til k\u00f8beloven. Du er forpligtet til at reklamere inden for rimelig tid, hvilket er inden 2 m\u00e5neder efter, at du har konstateret fejlen eller manglen.<\/p>\n\n\n\n<p>Vores reklamationsret g\u00e6lder for fejl i materiale og\/eller fabrikation. Reklamationen g\u00e6lder ikke fejl eller skader beg\u00e5et ved forkert eller uheldig betjening af produktet. Eller faktuelle fejl, der m\u00e5tte v\u00e6re fundet i indholdet i varen.<\/p>\n\n\n\n<p>Skandinavisk UFO Information vil d\u00e6kke returneringsomkostninger i et rimeligt omfang.<\/p>\n\n\n\n<p>Ved returnering rettes henvendelse til os pr. mail p\u00e5 <a href=\"mailto:info@sufoi.dk\">info@sufoi.dk<\/a>. Fysiske produkter returneres til:<\/p>\n\n\n\n<p><strong>Skandinavisk UFO Information<\/strong><br>C\/O Jan Hansen<br>Posek\u00e6rvej 42<br>6200 Aabenraa<\/p>\n\n\n\n<p>Der modtages ikke pakker sendt p\u00e5 efterkrav.<\/p>\n\n\n\n<h2 class=\"wp-block-heading\">Refusion<\/h2>\n\n\n\n<p>Hvis der er aftalt refusion, bedes du sende dine bankoplysninger, s\u00e5 vi kan overf\u00f8re det aftalte bel\u00f8b.<\/p>\n\n\n\n<h2 class=\"wp-block-heading\">Klagemuligheder<\/h2>\n\n\n\n<p>Har du en klage over et produkt, k\u00f8bt i SUFOI\u2019s butik, kan der sendes en klage til:<\/p>\n\n\n\n<p>Konkurrence- og Forbrugerstyrelsens Center for Klagel\u00f8sning<br>Carl Jacobsens Vej 35<br>2500 Valby<\/p>\n\n\n\n<p>Hjemmeside:&nbsp;<a href=\"http:\/\/www.forbrug.dk\/\">www.forbrug.dk<\/a><\/p>\n\n\n\n<p>Hvis du er forbruger med bop\u00e6l i et andet EU-land, kan du angive din klage i EU Kommissionens online klageplatform. Platformen findes her:&nbsp;<a href=\"http:\/\/ec.europa.eu\/consumers\/odr\/\">http:\/\/ec.europa.eu\/consumers\/odr\/<\/a><\/p>\n\n\n\n<p>Angiver du en klage her, skal du oplyse vores e-mailadresse:&nbsp;<a href=\"mailto:info@sufoi.dk\">info@sufoi.dk<\/a> &nbsp;<\/p>\n\n\n\n<h2 class=\"wp-block-heading\">Persondatapolitik<\/h2>\n\n\n\n<p>For at kunne handle hos os, skal du som minimum angive dit navn, din adresse, din mailadresse og dit telefonnummer, n\u00e5r ordren afgives. Det g\u00f8res ved at udfylde formularen med kontaktoplysninger i forbindelse med f\u00e6rdigg\u00f8relsen og betalingen for din ordre.<\/p>\n\n\n\n<p>Skandinavisk UFO Information forst\u00e5r og respekterer vigtigheden af privatliv p\u00e5 internettet. Derfor vil vi ikke afsl\u00f8re information om dig til tredjepart, medmindre det er n\u00f8dvendigt for at f\u00e6rdigg\u00f8re k\u00f8bet, samt fremsende de k\u00f8bte varer til dig. Men vi s\u00e6lger eller videregiver ikke dit navn, din adresse, e-mailadresse, kreditkortoplysninger eller personlige data til nogen anden tredjepart uden din forudg\u00e5ende tilladelse.<\/p>\n\n\n\n<p>Alle informationer opbevares p\u00e5 betryggende vis online og er kun tilg\u00e6ngelige for betroede medlemmer af Skandinavisk UFO Information.<\/p>\n\n\n\n<p>Personoplysningerne opbevares i fem \u00e5r, hvorefter oplysningerne slettes.<\/p>\n\n\n\n<p><strong>Bem\u00e6rk<\/strong>: Vi registrerer ogs\u00e5 IP-adressen, hvorfra dit k\u00f8b foretages. Denne oplysning finder normalt ingen anvendelse, men kan bruges i en evt. politiefterforskning. IP-adressen opbevares s\u00e5 l\u00e6nge, det er n\u00f8dvendigt i forhold til en eventuel politiefterforskning. Alle falske bestillinger politianmeldes!<\/p>\n\n\n\n<h2 class=\"wp-block-heading\">Henvendelser vedr. opbevarede persondata<\/h2>\n\n\n\n<p>Den dataansvarlige p\u00e5 https:\/\/sufoi.dk\/butik er Skandinavisk UFO Information. Du har altid ret til at g\u00f8re indsigelse mod registreringen. Du har ogs\u00e5 ret til at f\u00e5 oplyst, hvilke oplysninger vi opbevarer om dig. Hvis du mener, at oplysningerne er un\u00f8jagtige, har du ret til at f\u00e5 dem rettet.<\/p>\n\n\n\n<p>I nogle tilf\u00e6lde har vi pligt til at slette dine persondata, hvis du beder om det. Det kan f.eks. v\u00e6re, hvis dine data ikke l\u00e6ngere er n\u00f8dvendige i forhold til det form\u00e5l, som vi skulle bruge dem til. Du kan ogs\u00e5 kontakte os, hvis du mener, at dine persondata bliver behandlet i strid med lovgivningen. Du kan skrive til os omkring dette p\u00e5 mailadressen&nbsp;<a href=\"mailto:info@sufoi.dk\">info@sufoi.dk<\/a>.<\/p>\n\n\n\n<p>Vi samarbejder herudover med en r\u00e6kke andre virksomheder, som opbevarer og behandler data. Virksomhederne behandler udelukkende oplysninger p\u00e5 vores vegne, og m\u00e5 ikke bruge dem til egne form\u00e5l. Vi samarbejder kun med databehandlere i EU eller i lande, der kan give dine oplysninger en tilstr\u00e6kkelig beskyttelse.<\/p>\n","protected":false},"excerpt":{"rendered":"<p>I det f\u00f8lgende kan du l\u00e6se Skandinavisk UFO Informations handelsbetingelser for k\u00f8b af elektroniske og fysiske b\u00f8ger fra vores webshop p\u00e5 https:\/\/sufoi.dk\/butik. Hvem st\u00e5r bag? SUFOI\u2019s butik&nbsp;s\u00e6lger b\u00f8ger og andre materialer om ufoer for Skandinavisk UFO Information Kontaktinformation:Skandinavisk UFO InformationEilekiersvej 144100 RingstedMail:&nbsp;info@sufoi.dkCVR: 34024529 Mail:&nbsp;info@sufoi.dk Telefon: Det er desv\u00e6rre ikke muligt at ringe til webshoppen, da [&hellip;]<\/p>\n","protected":false},"author":1,"featured_media":0,"parent":0,"menu_order":0,"comment_status":"closed","ping_status":"closed","template":"","meta":{"footnotes":""},"class_list":["post-97","page","type-page","status-publish","hentry"],"_links":{"self":[{"href":"https:\/\/sufoi.dk\/butik\/wp-json\/wp\/v2\/pages\/97","targetHints":{"allow":["GET"]}}],"collection":[{"href":"https:\/\/sufoi.dk\/butik\/wp-json\/wp\/v2\/pages"}],"about":[{"href":"https:\/\/sufoi.dk\/butik\/wp-json\/wp\/v2\/types\/page"}],"author":[{"embeddable":true,"href":"https:\/\/sufoi.dk\/butik\/wp-json\/wp\/v2\/users\/1"}],"replies":[{"embeddable":true,"href":"https:\/\/sufoi.dk\/butik\/wp-json\/wp\/v2\/comments?post=97"}],"version-history":[{"count":1,"href":"https:\/\/sufoi.dk\/butik\/wp-json\/wp\/v2\/pages\/97\/revisions"}],"predecessor-version":[{"id":98,"href":"https:\/\/sufoi.dk\/butik\/wp-json\/wp\/v2\/pages\/97\/revisions\/98"}],"wp:attachment":[{"href":"https:\/\/sufoi.dk\/butik\/wp-json\/wp\/v2\/media?parent=97"}],"curies":[{"name":"wp","href":"https:\/\/api.w.org\/{rel}","templated":true}]}}